{"id":25522,"date":"2021-08-23T11:57:37","date_gmt":"2021-08-23T11:57:37","guid":{"rendered":"https:\/\/venise-for-events.com\/legal-notice\/"},"modified":"2025-09-08T13:11:24","modified_gmt":"2025-09-08T13:11:24","slug":"legal-notice","status":"publish","type":"page","link":"https:\/\/venise-for-events.com\/en\/legal-notice\/","title":{"rendered":"Legal Notice"},"content":{"rendered":"<p><strong>EDITOR<\/strong><\/p>\n<p>Director of publication: Marie-Ga\u00eblle Goumet<\/p>\n<p>PREFERENCE EVENTS<\/p>\n<p>48 rue de la Bienfaisance &#8211; 75008 Paris &#8211; FRANCE<\/p>\n<p>Tel: +33 (0) 1 55 20 07 67 &#8211; Fax: +33 (0) 1 47 04 68 29<\/p>\n<p>Email:<a href=\"mailto:info@venise-for-events.com\" target=\"_blank\" rel=\"noopener\">info@venise-for-events.com<\/a><\/p>\n<p><strong>PHOTO CREDITS<\/strong><\/p>\n<p>Shutterstock &#8211; Venice Events<\/p>\n<p>The visuals are not contractual<\/p>\n<p><strong>WEB HOSTING<\/strong><\/p>\n<p>The site is hosted by OVH<\/p>\n<p>OVH &#8211; 140, quai du Sartel &#8211; 59100 Roubaix<\/p>\n<p><strong>INTELLECTUAL PROPERTY &#8211; COPYRIGHT &#8211; COPYRIGHT<\/strong><\/p>\n<p>The texts, logos, files available for download, database, video or sound clips, appearing on this site<\/p>\n<p>are the exclusive property of Venise Events. These elements are protected by French laws and international texts relating to respect for copyright and copyright. The reproduction and \/ or representation of these elements is only authorized for information purposes for strictly personal and private use. The commercial use of these elements is prohibited without the possible prior authorization of the company Venise Events.<\/p>\n<p>It is forbidden to present any of the pages of the site <a href=\"http:\/\/www.venise-for-events.com\/\" target=\"_blank\" rel=\"noopener\" data-saferedirecturl=\"https:\/\/www.google.com\/url?q=http:\/\/www.venise-for-events.com&amp;source=gmail&amp;ust=1632251995482000&amp;usg=AFQjCNHMHCTk1m-sB4QtjUHU6rkR6Lkssg\">www.venise-for-events.com<\/a> in a web page that does not belong to the latter (framing). The practice of calling one of the elements of the site <a href=\"http:\/\/www.venise-for-events.com\/\" target=\"_blank\" rel=\"noopener\" data-saferedirecturl=\"https:\/\/www.google.com\/url?q=http:\/\/www.venise-for-events.com&amp;source=gmail&amp;ust=1632251995482000&amp;usg=AFQjCNHMHCTk1m-sB4QtjUHU6rkR6Lkssg\">www.venise-for-events.com<\/a> in a web page not belonging to the site (in line linking). Prior agreement from Venise Events is required for the creation of hypertext links to any page other than the home page of the site <a href=\"http:\/\/www.venise-for-events.com\/\" target=\"_blank\" rel=\"noopener\" data-saferedirecturl=\"https:\/\/www.google.com\/url?q=http:\/\/www.venise-for-events.com&amp;source=gmail&amp;ust=1632251995482000&amp;usg=AFQjCNHMHCTk1m-sB4QtjUHU6rkR6Lkssg\">www.venise-for-events.com<\/a> (Deep Linking). This agreement can be obtained by sending a request by e-mail to <a href=\"mailto:info@venise-for-events.com\" target=\"_blank\" rel=\"noopener\">info@venise-for-events.com<\/a>. Any use of the elements of this site will be the subject of legal proceedings, in France and abroad. The databases are protected under the law applicable to the compilation of data. Any extraction or attempted extraction, total or partial, is liable to engage the civil and criminal liability of the offender.<\/p>\n<p>This entire site is covered by French and international legislation on copyright and intellectual property. Any extraction and \/ or reproduction of a substantial part of the information published on the site is prohibited without the express prior authorization of the company Venise Events. Reproduction of all or part of this site on any electronic or paper medium whatsoever is strictly prohibited without the express authorization of the director of the publication. However, the extraction and reproduction of texts from this site on paper is authorised for internal use only, for the user&#8217;s own needs and on condition that the source is clearly and precisely mentioned (e.g.: &#8220;this document comes from the Venise Events website&#8221;): <a href=\"https:\/\/www.venise-for-events.com\/\" target=\"_blank\" rel=\"noopener\" data-saferedirecturl=\"https:\/\/www.google.com\/url?q=https:\/\/www.venise-for-events.com&amp;source=gmail&amp;ust=1632251995482000&amp;usg=AFQjCNEprqiDbTC8Pqr-9QOR2zlZxzR3gw\">https:\/\/www.venise-for-events.com<\/a>.<\/p>\n<p><strong>PERSONAL DATA<\/strong><\/p>\n<p>This site is subject to compliance with the French law of August 6, 2004, known as \u201cInformatique et Libert\u00e9s\u201d; it has been declared to the National Commission for Computing and Liberties (CNIL) under the registration number (in progress).<\/p>\n<p>File n \u00b0 (in progress) declared by VENISE EVENTS<\/p>\n<p>Right of access to VENISE EVENTS 48, rue de la Bienfaisance &#8211; 75008 Paris &#8211; FRANCE In accordance with the law of August 6, 2004 known as &#8220;Informatique et Libert\u00e9s&#8221;, you have a right of access, rectification and deletion relating to data about you. Contact us at the following address:<\/p>\n<p>VENISEEVENTS &#8211; 48, rue de la Bienfaisance &#8211; 75008 Paris &#8211; FRANCE, by attaching a copy of your identity card or passport to your letter.<\/p>\n<p><strong>INFORMATION ABOUT COOKIES<\/strong><\/p>\n<p>The user is informed that during his visits to the site that a &#8220;cookie&#8221; can be installed automatically on his browser software. A &#8220;cookie&#8221; is a block of data which does not allow the user to be identified but which is used to record information relating to the user&#8217;s navigation on the site. This process is intended to allow VENISE EVENTS to follow Internet users as they navigate the site <a href=\"http:\/\/www.venise-for-events.com\/\" target=\"_blank\" rel=\"noopener\" data-saferedirecturl=\"https:\/\/www.google.com\/url?q=http:\/\/www.venise-for-events.com&amp;source=gmail&amp;ust=1632251995482000&amp;usg=AFQjCNHMHCTk1m-sB4QtjUHU6rkR6Lkssg\">www.venise-for-events.com<\/a> in order to better respond to their expectations and needs. The user can however oppose the setting up of &#8220;cookies&#8221; by deactivating this option in the settings of his browser.<\/p>\n<p><strong>DESTINATION OF THE INFORMATION COLLECTED<\/strong><\/p>\n<p>Electronic messages sent through the links on this site are kept for processing. and for the time necessary for their treatment. We undertake not to communicate your data to any third party without your prior consent. The rights of access and rectification can be exercised by Exercise Right of opposition (Opt-out) If you do not wish your personal data to be used for canvassing purposes by the company Venise Events, please let us know at <a href=\"mailto:info@venise-for-events.com\" target=\"_blank\" rel=\"noopener\">info@venise-for-events.com<\/a> indicating the data concerned.<\/p>\n<p><strong>RESPONSIBILITY<\/strong><\/p>\n<p>The hypertext links set up within the framework of this site in the direction of other sites or resources present on the Internet network, can not engage the responsibility of the publisher of the site in particular for good reason. services offered by designated sites.<\/p>\n<p><strong>UPDATE OF LEGAL NOTICE<\/strong><\/p>\n<p>Venise Events reserves the right to update this legal notice at any time, depending on the evolution of the content of the site and the additional protection constraints required. Venise Events therefore invites all users to visit this page during each consultation. of the site in order to become acquainted with it.<\/p>\n<p><strong>LINKS TO OTHER SITES<\/strong><\/p>\n<p>We offer links to websites which the company Venise Events has carried out, as part of its activity, interventions or any service.<\/p>\n<p>Users and visitors of the website may not set up a hyperlink to this site (<a href=\"http:\/\/www.venise-for-events.com\/\" target=\"_blank\" rel=\"noopener\" data-saferedirecturl=\"https:\/\/www.google.com\/url?q=http:\/\/www.venise-for-events.com&amp;source=gmail&amp;ust=1632251995482000&amp;usg=AFQjCNHMHCTk1m-sB4QtjUHU6rkR6Lkssg\">www.venise-for-events.com<\/a>) without the express prior authorization of the company Venise Events.<\/p>\n<p>[\/et_pb_text][\/et_pb_column][\/et_pb_row][\/et_pb_section]<\/p>\n","protected":false},"excerpt":{"rendered":"<p>EDITOR Director of publication: Marie-Ga\u00eblle Goumet PREFERENCE EVENTS 48 rue de la Bienfaisance &#8211; 75008 Paris &#8211; FRANCE Tel: +33 (0) 1 55 20 07 67 &#8211; Fax: +33 (0) 1 47 04 68 29 Email:info@venise-for-events.com PHOTO CREDITS Shutterstock &#8211; Venice Events The visuals are not contractual WEB HOSTING The site is hosted by OVH [&hellip;]<\/p>\n","protected":false},"author":1,"featured_media":25387,"parent":0,"menu_order":0,"comment_status":"closed","ping_status":"closed","template":"page-mentions.php","meta":{"_acf_changed":false,"footnotes":""},"class_list":["post-25522","page","type-page","status-publish","has-post-thumbnail","hentry"],"acf":[],"yoast_head":"<!-- This site is optimized with the Yoast SEO plugin v27.1.1 - https:\/\/yoast.com\/product\/yoast-seo-wordpress\/ -->\n<title>Legal Notice - Venise Events<\/title>\n<meta name=\"description\" content=\"Read the legal notices of Venise Events, agency for the organization of tailor-made professional and private events in Venice.\" \/>\n<meta name=\"robots\" content=\"index, follow, max-snippet:-1, max-image-preview:large, max-video-preview:-1\" \/>\n<link rel=\"canonical\" href=\"https:\/\/venise-for-events.com\/en\/legal-notice\/\" \/>\n<meta property=\"og:locale\" content=\"en_US\" \/>\n<meta property=\"og:type\" content=\"article\" \/>\n<meta property=\"og:title\" content=\"Legal Notice - Venise Events\" \/>\n<meta property=\"og:description\" content=\"Read the legal notices of Venise Events, agency for the organization of tailor-made professional and private events in Venice.\" \/>\n<meta property=\"og:url\" content=\"https:\/\/venise-for-events.com\/en\/legal-notice\/\" \/>\n<meta property=\"og:site_name\" content=\"Venise Events\" \/>\n<meta property=\"article:modified_time\" content=\"2025-09-08T13:11:24+00:00\" \/>\n<meta property=\"og:image\" content=\"https:\/\/venise-for-events.com\/wp-content\/uploads\/2021\/08\/jayakody-anthanas-dopchJw6LYw-unsplash.jpg\" \/>\n\t<meta property=\"og:image:width\" content=\"1920\" \/>\n\t<meta property=\"og:image:height\" content=\"1257\" \/>\n\t<meta property=\"og:image:type\" content=\"image\/jpeg\" \/>\n<meta name=\"twitter:card\" content=\"summary_large_image\" \/>\n<meta name=\"twitter:label1\" content=\"Est. reading time\" \/>\n\t<meta name=\"twitter:data1\" content=\"5 minutes\" \/>\n<script type=\"application\/ld+json\" class=\"yoast-schema-graph\">{\"@context\":\"https:\/\/schema.org\",\"@graph\":[{\"@type\":\"WebPage\",\"@id\":\"https:\/\/venise-for-events.com\/en\/legal-notice\/\",\"url\":\"https:\/\/venise-for-events.com\/en\/legal-notice\/\",\"name\":\"Legal Notice - Venise Events\",\"isPartOf\":{\"@id\":\"https:\/\/venise-for-events.com\/en\/#website\"},\"primaryImageOfPage\":{\"@id\":\"https:\/\/venise-for-events.com\/en\/legal-notice\/#primaryimage\"},\"image\":{\"@id\":\"https:\/\/venise-for-events.com\/en\/legal-notice\/#primaryimage\"},\"thumbnailUrl\":\"https:\/\/venise-for-events.com\/wp-content\/uploads\/2021\/08\/jayakody-anthanas-dopchJw6LYw-unsplash.jpg\",\"datePublished\":\"2021-08-23T11:57:37+00:00\",\"dateModified\":\"2025-09-08T13:11:24+00:00\",\"description\":\"Read the legal notices of Venise Events, agency for the organization of tailor-made professional and private events in Venice.\",\"breadcrumb\":{\"@id\":\"https:\/\/venise-for-events.com\/en\/legal-notice\/#breadcrumb\"},\"inLanguage\":\"en-US\",\"potentialAction\":[{\"@type\":\"ReadAction\",\"target\":[\"https:\/\/venise-for-events.com\/en\/legal-notice\/\"]}]},{\"@type\":\"ImageObject\",\"inLanguage\":\"en-US\",\"@id\":\"https:\/\/venise-for-events.com\/en\/legal-notice\/#primaryimage\",\"url\":\"https:\/\/venise-for-events.com\/wp-content\/uploads\/2021\/08\/jayakody-anthanas-dopchJw6LYw-unsplash.jpg\",\"contentUrl\":\"https:\/\/venise-for-events.com\/wp-content\/uploads\/2021\/08\/jayakody-anthanas-dopchJw6LYw-unsplash.jpg\",\"width\":1920,\"height\":1257,\"caption\":\"venise\"},{\"@type\":\"BreadcrumbList\",\"@id\":\"https:\/\/venise-for-events.com\/en\/legal-notice\/#breadcrumb\",\"itemListElement\":[{\"@type\":\"ListItem\",\"position\":1,\"name\":\"Home\",\"item\":\"https:\/\/venise-for-events.com\/en\/\"},{\"@type\":\"ListItem\",\"position\":2,\"name\":\"Legal Notice\"}]},{\"@type\":\"WebSite\",\"@id\":\"https:\/\/venise-for-events.com\/en\/#website\",\"url\":\"https:\/\/venise-for-events.com\/en\/\",\"name\":\"Venise Events\",\"description\":\"Vos \u00e9v\u00e8nements \u00e0 Venise en Italie\",\"potentialAction\":[{\"@type\":\"SearchAction\",\"target\":{\"@type\":\"EntryPoint\",\"urlTemplate\":\"https:\/\/venise-for-events.com\/en\/?s={search_term_string}\"},\"query-input\":{\"@type\":\"PropertyValueSpecification\",\"valueRequired\":true,\"valueName\":\"search_term_string\"}}],\"inLanguage\":\"en-US\"}]}<\/script>\n<!-- \/ Yoast SEO plugin. -->","yoast_head_json":{"title":"Legal Notice - Venise Events","description":"Read the legal notices of Venise Events, agency for the organization of tailor-made professional and private events in Venice.","robots":{"index":"index","follow":"follow","max-snippet":"max-snippet:-1","max-image-preview":"max-image-preview:large","max-video-preview":"max-video-preview:-1"},"canonical":"https:\/\/venise-for-events.com\/en\/legal-notice\/","og_locale":"en_US","og_type":"article","og_title":"Legal Notice - Venise Events","og_description":"Read the legal notices of Venise Events, agency for the organization of tailor-made professional and private events in Venice.","og_url":"https:\/\/venise-for-events.com\/en\/legal-notice\/","og_site_name":"Venise Events","article_modified_time":"2025-09-08T13:11:24+00:00","og_image":[{"width":1920,"height":1257,"url":"https:\/\/venise-for-events.com\/wp-content\/uploads\/2021\/08\/jayakody-anthanas-dopchJw6LYw-unsplash.jpg","type":"image\/jpeg"}],"twitter_card":"summary_large_image","twitter_misc":{"Est. reading time":"5 minutes"},"schema":{"@context":"https:\/\/schema.org","@graph":[{"@type":"WebPage","@id":"https:\/\/venise-for-events.com\/en\/legal-notice\/","url":"https:\/\/venise-for-events.com\/en\/legal-notice\/","name":"Legal Notice - Venise Events","isPartOf":{"@id":"https:\/\/venise-for-events.com\/en\/#website"},"primaryImageOfPage":{"@id":"https:\/\/venise-for-events.com\/en\/legal-notice\/#primaryimage"},"image":{"@id":"https:\/\/venise-for-events.com\/en\/legal-notice\/#primaryimage"},"thumbnailUrl":"https:\/\/venise-for-events.com\/wp-content\/uploads\/2021\/08\/jayakody-anthanas-dopchJw6LYw-unsplash.jpg","datePublished":"2021-08-23T11:57:37+00:00","dateModified":"2025-09-08T13:11:24+00:00","description":"Read the legal notices of Venise Events, agency for the organization of tailor-made professional and private events in Venice.","breadcrumb":{"@id":"https:\/\/venise-for-events.com\/en\/legal-notice\/#breadcrumb"},"inLanguage":"en-US","potentialAction":[{"@type":"ReadAction","target":["https:\/\/venise-for-events.com\/en\/legal-notice\/"]}]},{"@type":"ImageObject","inLanguage":"en-US","@id":"https:\/\/venise-for-events.com\/en\/legal-notice\/#primaryimage","url":"https:\/\/venise-for-events.com\/wp-content\/uploads\/2021\/08\/jayakody-anthanas-dopchJw6LYw-unsplash.jpg","contentUrl":"https:\/\/venise-for-events.com\/wp-content\/uploads\/2021\/08\/jayakody-anthanas-dopchJw6LYw-unsplash.jpg","width":1920,"height":1257,"caption":"venise"},{"@type":"BreadcrumbList","@id":"https:\/\/venise-for-events.com\/en\/legal-notice\/#breadcrumb","itemListElement":[{"@type":"ListItem","position":1,"name":"Home","item":"https:\/\/venise-for-events.com\/en\/"},{"@type":"ListItem","position":2,"name":"Legal Notice"}]},{"@type":"WebSite","@id":"https:\/\/venise-for-events.com\/en\/#website","url":"https:\/\/venise-for-events.com\/en\/","name":"Venise Events","description":"Vos \u00e9v\u00e8nements \u00e0 Venise en Italie","potentialAction":[{"@type":"SearchAction","target":{"@type":"EntryPoint","urlTemplate":"https:\/\/venise-for-events.com\/en\/?s={search_term_string}"},"query-input":{"@type":"PropertyValueSpecification","valueRequired":true,"valueName":"search_term_string"}}],"inLanguage":"en-US"}]}},"_links":{"self":[{"href":"https:\/\/venise-for-events.com\/en\/wp-json\/wp\/v2\/pages\/25522","targetHints":{"allow":["GET"]}}],"collection":[{"href":"https:\/\/venise-for-events.com\/en\/wp-json\/wp\/v2\/pages"}],"about":[{"href":"https:\/\/venise-for-events.com\/en\/wp-json\/wp\/v2\/types\/page"}],"author":[{"embeddable":true,"href":"https:\/\/venise-for-events.com\/en\/wp-json\/wp\/v2\/users\/1"}],"replies":[{"embeddable":true,"href":"https:\/\/venise-for-events.com\/en\/wp-json\/wp\/v2\/comments?post=25522"}],"version-history":[{"count":187,"href":"https:\/\/venise-for-events.com\/en\/wp-json\/wp\/v2\/pages\/25522\/revisions"}],"predecessor-version":[{"id":26913,"href":"https:\/\/venise-for-events.com\/en\/wp-json\/wp\/v2\/pages\/25522\/revisions\/26913"}],"wp:featuredmedia":[{"embeddable":true,"href":"https:\/\/venise-for-events.com\/en\/wp-json\/wp\/v2\/media\/25387"}],"wp:attachment":[{"href":"https:\/\/venise-for-events.com\/en\/wp-json\/wp\/v2\/media?parent=25522"}],"curies":[{"name":"wp","href":"https:\/\/api.w.org\/{rel}","templated":true}]}}